{"id":987,"date":"2025-12-13T16:32:51","date_gmt":"2025-12-13T16:32:51","guid":{"rendered":"https:\/\/50eurostowealth.com\/?page_id=987"},"modified":"2025-12-13T16:32:53","modified_gmt":"2025-12-13T16:32:53","slug":"temporal-cta-final","status":"publish","type":"page","link":"https:\/\/50eurostowealth.com\/es\/temporal-cta-final\/","title":{"rendered":"Temporal &#8211; CTA Final"},"content":{"rendered":"<div class=\"wp-block-group post-cta-box\" style=\"margin-top: 40px; border-top-color: #4ade80; border-top-width: 3px; background-color: #f8fafc; padding: 50px 30px 50px 30px;\">\n<h3 class=\"has-text-align-center\" style=\"font-size: 1.8rem; font-weight: 900;\">\u00bfListo para empezar tu Reto de 50\u20ac?<\/h3>\n<p class=\"has-text-align-center\" style=\"font-size: 1.1rem; max-width: 600px; margin: 0 auto 30px;\">Hemos cubierto la teor\u00eda. Es hora de poner en pr\u00e1ctica las estrategias de inversi\u00f3n y creaci\u00f3n de activos. Descubre las herramientas que necesitas.<\/p>\n<div class=\"wp-block-buttons\">\n<div class=\"wp-block-button has-custom-font-size has-medium-font-size\"><a class=\"wp-block-button__link has-black-color has-vivid-green-cyan-background-color has-text-color has-background wp-element-button\" style=\"border-radius: 8px; padding: 14px 28px 14px 28px;\" href=\"\/es\/tienda\/\">VISITAR LA TIENDA DE HERRAMIENTAS \u2192<\/a><\/div>\n<\/div>\n<\/div>","protected":false},"excerpt":{"rendered":"<p>\u00bfListo para empezar tu Reto de 50\u20ac? Hemos cubierto la teor\u00eda. Es hora de poner en pr\u00e1ctica las estrategias de [&hellip;]<\/p>","protected":false},"author":1,"featured_media":0,"parent":0,"menu_order":0,"comment_status":"closed","ping_status":"closed","template":"","meta":{"site-sidebar-layout":"default","site-content-layout":"","ast-site-content-layout":"default","site-content-style":"default","site-sidebar-style":"default","ast-global-header-display":"","ast-banner-title-visibility":"","ast-main-header-display":"","ast-hfb-above-header-display":"","ast-hfb-below-header-display":"","ast-hfb-mobile-header-display":"","site-post-title":"","ast-breadcrumbs-content":"","ast-featured-img":"","footer-sml-layout":"","theme-transparent-header-meta":"","adv-header-id-meta":"","stick-header-meta":"","header-above-stick-meta":"","header-main-stick-meta":"","header-below-stick-meta":"","astra-migrate-meta-layouts":"default","ast-page-background-enabled":"default","ast-page-background-meta":{"desktop":{"background-color":"var(--ast-global-color-5)","background-image":"","background-repeat":"repeat","background-position":"center center","background-size":"auto","background-attachment":"scroll","background-type":"","background-media":"","overlay-type":"","overlay-color":"","overlay-opacity":"","overlay-gradient":""},"tablet":{"background-color":"","background-image":"","background-repeat":"repeat","background-position":"center center","background-size":"auto","background-attachment":"scroll","background-type":"","background-media":"","overlay-type":"","overlay-color":"","overlay-opacity":"","overlay-gradient":""},"mobile":{"background-color":"","background-image":"","background-repeat":"repeat","background-position":"center center","background-size":"auto","background-attachment":"scroll","background-type":"","background-media":"","overlay-type":"","overlay-color":"","overlay-opacity":"","overlay-gradient":""}},"ast-content-background-meta":{"desktop":{"background-color":"var(--ast-global-color-4)","background-image":"","background-repeat":"repeat","background-position":"center center","background-size":"auto","background-attachment":"scroll","background-type":"","background-media":"","overlay-type":"","overlay-color":"","overlay-opacity":"","overlay-gradient":""},"tablet":{"background-color":"var(--ast-global-color-4)","background-image":"","background-repeat":"repeat","background-position":"center center","background-size":"auto","background-attachment":"scroll","background-type":"","background-media":"","overlay-type":"","overlay-color":"","overlay-opacity":"","overlay-gradient":""},"mobile":{"background-color":"var(--ast-global-color-4)","background-image":"","background-repeat":"repeat","background-position":"center center","background-size":"auto","background-attachment":"scroll","background-type":"","background-media":"","overlay-type":"","overlay-color":"","overlay-opacity":"","overlay-gradient":""}},"footnotes":""},"class_list":["post-987","page","type-page","status-publish","hentry"],"_hostinger_reach_plugin_has_subscription_block":false,"_hostinger_reach_plugin_is_elementor":false,"_links":{"self":[{"href":"https:\/\/50eurostowealth.com\/es\/wp-json\/wp\/v2\/pages\/987","targetHints":{"allow":["GET"]}}],"collection":[{"href":"https:\/\/50eurostowealth.com\/es\/wp-json\/wp\/v2\/pages"}],"about":[{"href":"https:\/\/50eurostowealth.com\/es\/wp-json\/wp\/v2\/types\/page"}],"author":[{"embeddable":true,"href":"https:\/\/50eurostowealth.com\/es\/wp-json\/wp\/v2\/users\/1"}],"replies":[{"embeddable":true,"href":"https:\/\/50eurostowealth.com\/es\/wp-json\/wp\/v2\/comments?post=987"}],"version-history":[{"count":1,"href":"https:\/\/50eurostowealth.com\/es\/wp-json\/wp\/v2\/pages\/987\/revisions"}],"predecessor-version":[{"id":988,"href":"https:\/\/50eurostowealth.com\/es\/wp-json\/wp\/v2\/pages\/987\/revisions\/988"}],"wp:attachment":[{"href":"https:\/\/50eurostowealth.com\/es\/wp-json\/wp\/v2\/media?parent=987"}],"curies":[{"name":"wp","href":"https:\/\/api.w.org\/{rel}","templated":true}]}}