{"id":835,"date":"2025-10-27T22:52:25","date_gmt":"2025-10-27T22:52:25","guid":{"rendered":"https:\/\/50eurostowealth.com\/?page_id=835"},"modified":"2025-10-27T23:34:22","modified_gmt":"2025-10-27T23:34:22","slug":"tienda-recursos","status":"publish","type":"page","link":"https:\/\/50eurostowealth.com\/es\/tienda-recursos\/","title":{"rendered":"Tienda-recursos"},"content":{"rendered":"<div class=\"wp-block-cover alignfull\" style=\"min-height:40vh;aspect-ratio:unset;\">\n\t<span aria-hidden=\"true\" class=\"wp-block-cover__background has-black-background-color has-background-dim-60\"><\/span>\n\t<img decoding=\"async\" class=\"wp-block-cover__image-background\" alt=\"Mujer trabajando con laptop en un escritorio minimalista - emprendimiento digital\" src=\"https:\/\/images.unsplash.com\/photo-1551288049-bebda4e38f71?auto=format&#038;fit=crop&#038;w=1200&#038;q=80\" data-object-fit=\"cover\"\/>\n\t<div class=\"wp-block-cover__inner-container is-layout-flow wp-block-cover-is-layout-flow\">\n\t\t\n\t\t<h1 class=\"has-text-align-center has-text-color wp-block-heading\" style=\"color:#ffffff;font-size:2.4rem;font-weight:800;line-height:1.2;text-shadow: 0 2px 6px rgba(0,0,0,0.6);\">\n\t\t\tHerramientas para Emprender con 50\u20ac (Todas disponibles en Amazon)\n\t\t<\/h1>\n\t\t\n\t<\/div>\n<\/div>\n\n\n\n<p class=\"has-text-align-center has-text-color\" style=\"color:#6b7280;font-size:1.1rem\">Recomendaciones reales, probadas y con precios accesibles. Al comprar a trav\u00e9s de estos enlaces, apoyas este proyecto sin coste adicional para ti.<\/p>\n\n\n\n<div style=\"height:40px\" aria-hidden=\"true\" class=\"wp-block-spacer\"><\/div>\n\n\n\n<div class=\"wp-block-group alignfull has-background is-layout-flow wp-block-group-is-layout-flow\" style=\"background-color:#f0fdf4;padding-top:20px;padding-bottom:20px\">\n\n\t\n\t<p class=\"has-text-align-center has-text-color\" style=\"color:#065f46;font-size:1.1rem\">\n\t\t<strong>\ud83d\uded2 \u00bfVas a comprar en Amazon?<\/strong> \n\t\t<a href=\"https:\/\/www.amazon.es\/?tag=solrac12565-21\" style=\"color:#047857;text-decoration:underline;\" target=\"_blank\" rel=\"noopener\"><strong>Entra aqu\u00ed primero<\/strong><\/a> \n\t\ty apoya este proyecto sin coste adicional para ti. \n\t\tTu comisi\u00f3n nos ayuda a mantener <strong>50eurostowealth.com<\/strong> gratuito, con contenido de calidad y recursos actualizados.\n\t<\/p>\n\t\n\n<\/div>\n\n\n\n<div style=\"height:40px\" aria-hidden=\"true\" class=\"wp-block-spacer\"><\/div>\n\n\n\n<h2 class=\"wp-block-heading\">\ud83d\udcbb PCs y Port\u00e1tiles (Menos de 500\u20ac)<\/h2>\n\n\n\n<div class=\"wp-block-group has-very-light-gray-background-color has-background is-layout-constrained wp-block-group-is-layout-constrained\" style=\"border-radius:12px;padding-top:20px;padding-bottom:20px\">\n\n\t\n\t<figure class=\"wp-block-image alignleft is-resized\" style=\"border-radius:8px;width:100px;height:100px\">\n\t\t<a href=\"https:\/\/www.amazon.es\/s?k=port\u00e1tiles+baratos&#038;tag=solrac12565-21\" target=\"_blank\" rel=\"noopener\"><img decoding=\"async\" src=\"https:\/\/m.media-amazon.com\/images\/I\/71zPdJ9vZ+L._AC_UL320_.jpg\" alt=\"Port\u00e1til HP Pavilion\" style=\"border-radius:8px\"\/><\/a>\n\t<\/figure>\n\t\n\n\t\n\t<h3 class=\"wp-block-heading\" style=\"font-size:1.3rem\"><a href=\"https:\/\/www.amazon.es\/s?k=port\u00e1tiles+baratos&#038;tag=solrac12565-21\" target=\"_blank\" rel=\"noopener\">Port\u00e1tiles baratos (desde 300\u20ac)<\/a><\/h3>\n\t\n\n\t\n\t<p>Explora una selecci\u00f3n de port\u00e1tiles econ\u00f3micos ideales para trabajo diario, navegaci\u00f3n y ofim\u00e1tica.<\/p>\n\t\n\n<\/div>\n\n\n\n<div class=\"wp-block-group has-very-light-gray-background-color has-background is-layout-constrained wp-block-group-is-layout-constrained\" style=\"border-radius:12px;padding-top:20px;padding-bottom:20px\">\n\n\t\n\t<figure class=\"wp-block-image alignleft is-resized\" style=\"border-radius:8px;width:100px;height:100px\">\n\t\t<a href=\"https:\/\/www.amazon.es\/s?k=pc+de+sobremesa&#038;tag=solrac12565-21\" target=\"_blank\" rel=\"noopener\"><img decoding=\"async\" src=\"https:\/\/m.media-amazon.com\/images\/I\/71zPdJ9vZ+L._AC_UL320_.jpg\" alt=\"PC de sobremesa Lenovo\" style=\"border-radius:8px\"\/><\/a>\n\t<\/figure>\n\t\n\n\t\n\t<h3 class=\"wp-block-heading\" style=\"font-size:1.3rem\"><a href=\"https:\/\/www.amazon.es\/s?k=pc+de+sobremesa&#038;tag=solrac12565-21\" target=\"_blank\" rel=\"noopener\">PCs de sobremesa (desde 400\u20ac)<\/a><\/h3>\n\t\n\n\t\n\t<p>Perfectos para multitarea, edici\u00f3n b\u00e1sica y juegos casuales. Incluyen monitor, teclado y rat\u00f3n en muchos casos.<\/p>\n\t\n\n<\/div>\n\n\n\n<div style=\"height:40px\" aria-hidden=\"true\" class=\"wp-block-spacer\"><\/div>\n\n\n\n<h2 class=\"wp-block-heading\">\ud83d\udcf1 Tablets y Smartphones (Menos de 300\u20ac)<\/h2>\n\n\n\n<div class=\"wp-block-group has-very-light-gray-background-color has-background is-layout-constrained wp-block-group-is-layout-constrained\" style=\"border-radius:12px;padding-top:20px;padding-bottom:20px\">\n\n\t\n\t<figure class=\"wp-block-image alignleft is-resized\" style=\"border-radius:8px;width:100px;height:100px\">\n\t\t<a href=\"https:\/\/www.amazon.es\/s?k=tablets+baratas&#038;tag=solrac12565-21\" target=\"_blank\" rel=\"noopener\"><img decoding=\"async\" src=\"https:\/\/m.media-amazon.com\/images\/I\/71zPdJ9vZ+L._AC_UL320_.jpg\" alt=\"Tablet Samsung Galaxy Tab A\" style=\"border-radius:8px\"\/><\/a>\n\t<\/figure>\n\t\n\n\t\n\t<h3 class=\"wp-block-heading\" style=\"font-size:1.3rem\"><a href=\"https:\/\/www.amazon.es\/s?k=tablets+baratas&#038;tag=solrac12565-21\" target=\"_blank\" rel=\"noopener\">Tablets baratas (desde 100\u20ac)<\/a><\/h3>\n\t\n\n\t\n\t<p>Ligeras, con buena bater\u00eda y pantalla HD. Ideales para leer, tomar notas y ver tutoriales.<\/p>\n\t\n\n<\/div>\n\n\n\n<div class=\"wp-block-group has-very-light-gray-background-color has-background is-layout-constrained wp-block-group-is-layout-constrained\" style=\"border-radius:12px;padding-top:20px;padding-bottom:20px\">\n\n\t\n\t<figure class=\"wp-block-image alignleft is-resized\" style=\"border-radius:8px;width:100px;height:100px\">\n\t\t<a href=\"https:\/\/www.amazon.es\/s?k=smartphones+baratos&#038;tag=solrac12565-21\" target=\"_blank\" rel=\"noopener\"><img decoding=\"async\" src=\"https:\/\/m.media-amazon.com\/images\/I\/71zPdJ9vZ+L._AC_UL320_.jpg\" alt=\"Smartphone Xiaomi Redmi Note\" style=\"border-radius:8px\"\/><\/a>\n\t<\/figure>\n\t\n\n\t\n\t<h3 class=\"wp-block-heading\" style=\"font-size:1.3rem\"><a href=\"https:\/\/www.amazon.es\/s?k=smartphones+baratos&#038;tag=solrac12565-21\" target=\"_blank\" rel=\"noopener\">Smartphones baratos (desde 150\u20ac)<\/a><\/h3>\n\t\n\n\t\n\t<p>Gran relaci\u00f3n calidad-precio. C\u00e1maras decentes, bater\u00edas duraderas y rendimiento fluido.<\/p>\n\t\n\n<\/div>\n\n\n\n<div style=\"height:40px\" aria-hidden=\"true\" class=\"wp-block-spacer\"><\/div>\n\n\n\n<h2 class=\"wp-block-heading\">\u2328\ufe0f Perif\u00e9ricos (Teclados, Ratones, Auriculares)<\/h2>\n\n\n\n<div class=\"wp-block-group has-very-light-gray-background-color has-background is-layout-constrained wp-block-group-is-layout-constrained\" style=\"border-radius:12px;padding-top:20px;padding-bottom:20px\">\n\n\t\n\t<figure class=\"wp-block-image alignleft is-resized\" style=\"border-radius:8px;width:100px;height:100px\">\n\t\t<a href=\"https:\/\/www.amazon.es\/s?k=teclados+mecc\u00e1nicos&#038;tag=solrac12565-21\" target=\"_blank\" rel=\"noopener\"><img decoding=\"async\" src=\"https:\/\/m.media-amazon.com\/images\/I\/71zPdJ9vZ+L._AC_UL320_.jpg\" alt=\"Teclado mec\u00e1nico Logitech\" style=\"border-radius:8px\"\/><\/a>\n\t<\/figure>\n\t\n\n\t\n\t<h3 class=\"wp-block-heading\" style=\"font-size:1.3rem\"><a href=\"https:\/\/www.amazon.es\/s?k=teclados+mecc\u00e1nicos&#038;tag=solrac12565-21\" target=\"_blank\" rel=\"noopener\">Teclados mec\u00e1nicos (desde 50\u20ac)<\/a><\/h3>\n\t\n\n\t\n\t<p>Para productividad y gaming. Switches personalizables, retroiluminaci\u00f3n RGB y dise\u00f1o ergon\u00f3mico.<\/p>\n\t\n\n<\/div>\n\n\n\n<div class=\"wp-block-group has-very-light-gray-background-color has-background is-layout-constrained wp-block-group-is-layout-constrained\" style=\"border-radius:12px;padding-top:20px;padding-bottom:20px\">\n\n\t\n\t<figure class=\"wp-block-image alignleft is-resized\" style=\"border-radius:8px;width:100px;height:100px\">\n\t\t<a href=\"https:\/\/www.amazon.es\/s?k=ratones+inal\u00e1mbricos&#038;tag=solrac12565-21\" target=\"_blank\" rel=\"noopener\"><img decoding=\"async\" src=\"https:\/\/m.media-amazon.com\/images\/I\/61Qqg+T8nsL._AC_UL320_.jpg\" alt=\"Rat\u00f3n inal\u00e1mbrico Microsoft\" style=\"border-radius:8px\"\/><\/a>\n\t<\/figure>\n\t\n\n\t\n\t<h3 class=\"wp-block-heading\" style=\"font-size:1.3rem\"><a href=\"https:\/\/www.amazon.es\/s?k=ratones+inal\u00e1mbricos&#038;tag=solrac12565-21\" target=\"_blank\" rel=\"noopener\">Ratones inal\u00e1mbricos (desde 20\u20ac)<\/a><\/h3>\n\t\n\n\t\n\t<p>Ligeros, c\u00f3modos y compatibles con cualquier dispositivo. Bater\u00eda de larga duraci\u00f3n.<\/p>\n\t\n\n<\/div>\n\n\n\n<div style=\"height:40px\" aria-hidden=\"true\" class=\"wp-block-spacer\"><\/div>\n\n\n\n<h2 class=\"wp-block-heading\">\ud83e\ude91 Mobiliario para Trabajar desde Casa<\/h2>\n\n\n\n<div class=\"wp-block-group has-very-light-gray-background-color has-background is-layout-constrained wp-block-group-is-layout-constrained\" style=\"border-radius:12px;padding-top:20px;padding-bottom:20px\">\n\n\t\n\t<figure class=\"wp-block-image alignleft is-resized\" style=\"border-radius:8px;width:100px;height:100px\">\n\t\t<a href=\"https:\/\/www.amazon.es\/s?k=soporte+ergon\u00f3mico+para+port\u00e1til&#038;tag=solrac12565-21\" target=\"_blank\" rel=\"noopener\"><img decoding=\"async\" src=\"https:\/\/m.media-amazon.com\/images\/I\/61jUcGj8qBL._AC_UL320_.jpg\" alt=\"Soporte ergon\u00f3mico para port\u00e1til\" style=\"border-radius:8px\"\/><\/a>\n\t<\/figure>\n\t\n\n\t\n\t<h3 class=\"wp-block-heading\" style=\"font-size:1.3rem\"><a href=\"https:\/\/www.amazon.es\/s?k=soporte+ergon\u00f3mico+para+port\u00e1til&#038;tag=solrac12565-21\" target=\"_blank\" rel=\"noopener\">Soportes ergon\u00f3micos (desde 25\u20ac)<\/a><\/h3>\n\t\n\n\t\n\t<p>Mejoran la postura, reducen el dolor cervical y elevan la pantalla a altura de ojos.<\/p>\n\t\n\n<\/div>\n\n\n\n<div class=\"wp-block-group has-very-light-gray-background-color has-background is-layout-constrained wp-block-group-is-layout-constrained\" style=\"border-radius:12px;padding-top:20px;padding-bottom:20px\">\n\n\t\n\t<figure class=\"wp-block-image alignleft is-resized\" style=\"border-radius:8px;width:100px;height:100px\">\n\t\t<a href=\"https:\/\/www.amazon.es\/s?k=sillas+ergon\u00f3micas&#038;tag=solrac12565-21\" target=\"_blank\" rel=\"noopener\"><img decoding=\"async\" src=\"https:\/\/m.media-amazon.com\/images\/I\/71zPdJ9vZ+L._AC_UL320_.jpg\" alt=\"Silla ergon\u00f3mica para oficina\" style=\"border-radius:8px\"\/><\/a>\n\t<\/figure>\n\t\n\n\t\n\t<h3 class=\"wp-block-heading\" style=\"font-size:1.3rem\"><a href=\"https:\/\/www.amazon.es\/s?k=sillas+ergon\u00f3micas&#038;tag=solrac12565-21\" target=\"_blank\" rel=\"noopener\">Sillas ergon\u00f3micas (desde 100\u20ac)<\/a><\/h3>\n\t\n\n\t\n\t<p>Ajustables, con soporte lumbar y respaldo reclinable. Ideales para jornadas largas.<\/p>\n\t\n\n<\/div>\n\n\n\n<div style=\"height:40px\" aria-hidden=\"true\" class=\"wp-block-spacer\"><\/div>\n\n\n\n<h2 class=\"wp-block-heading\">\ud83d\udcda Libros Imprescindibles (Menos de 20\u20ac)<\/h2>\n\n\n\n<div class=\"wp-block-group has-very-light-gray-background-color has-background is-layout-constrained wp-block-group-is-layout-constrained\" style=\"border-radius:12px;padding-top:20px;padding-bottom:20px\">\n\n\t\n\t<figure class=\"wp-block-image alignleft is-resized\" style=\"border-radius:8px;width:100px;height:100px\">\n\t\t<a href=\"https:\/\/www.amazon.es\/s?k=libros+emprendimiento&#038;tag=solrac12565-21\" target=\"_blank\" rel=\"noopener\"><img decoding=\"async\" src=\"https:\/\/m.media-amazon.com\/images\/I\/71Xk6+YqGzL._AC_UL320_.jpg\" alt=\"El M\u00e9todo Lean Startup\" style=\"border-radius:8px\"\/><\/a>\n\t<\/figure>\n\t\n\n\t\n\t<h3 class=\"wp-block-heading\" style=\"font-size:1.3rem\"><a href=\"https:\/\/www.amazon.es\/s?k=libros+emprendimiento&#038;tag=solrac12565-21\" target=\"_blank\" rel=\"noopener\">Libros de emprendimiento (desde 15\u20ac)<\/a><\/h3>\n\t\n\n\t\n\t<p>Gu\u00edas pr\u00e1cticas para validar ideas r\u00e1pido, trabajar desde casa y escalar tu negocio.<\/p>\n\t\n\n<\/div>\n\n\n\n<div class=\"wp-block-group has-very-light-gray-background-color has-background is-layout-constrained wp-block-group-is-layout-constrained\" style=\"border-radius:12px;padding-top:20px;padding-bottom:20px\">\n\n\t\n\t<figure class=\"wp-block-image alignleft is-resized\" style=\"border-radius:8px;width:100px;height:100px\">\n\t\t<a href=\"https:\/\/www.amazon.es\/s?k=libros+trabajo+remoto&#038;tag=solrac12565-21\" target=\"_blank\" rel=\"noopener\"><img decoding=\"async\" src=\"https:\/\/m.media-amazon.com\/images\/I\/71dK3hR7u+L._AC_UL320_.jpg\" alt=\"Trabajo Remoto\" style=\"border-radius:8px\"\/><\/a>\n\t<\/figure>\n\t\n\n\t\n\t<h3 class=\"wp-block-heading\" style=\"font-size:1.3rem\"><a href=\"https:\/\/www.amazon.es\/s?k=libros+trabajo+remoto&#038;tag=solrac12565-21\" target=\"_blank\" rel=\"noopener\">Libros de trabajo remoto (desde 15\u20ac)<\/a><\/h3>\n\t\n\n\t\n\t<p>Gu\u00edas pr\u00e1cticas para trabajar desde casa con productividad y equilibrio. Ideales para n\u00f3madas digitales.<\/p>\n\t\n\n<\/div>\n\n\n\n<div style=\"height:40px\" aria-hidden=\"true\" class=\"wp-block-spacer\"><\/div>\n\n\n\n<p class=\"has-text-align-center\" style=\"margin-top:40px\"><em>Todos los enlaces son de afiliado. Al comprar, apoyas <strong>50eurostowealth.com<\/strong> sin coste adicional para ti. \u00a1Gracias por confiar en mis recomendaciones!<\/em><\/p>","protected":false},"excerpt":{"rendered":"<p>Recomendaciones reales, probadas y con precios accesibles. Al comprar a trav\u00e9s de estos enlaces, apoyas este proyecto sin coste adicional [&hellip;]<\/p>","protected":false},"author":1,"featured_media":0,"parent":0,"menu_order":0,"comment_status":"closed","ping_status":"closed","template":"","meta":{"site-sidebar-layout":"default","site-content-layout":"","ast-site-content-layout":"default","site-content-style":"default","site-sidebar-style":"default","ast-global-header-display":"","ast-banner-title-visibility":"","ast-main-header-display":"","ast-hfb-above-header-display":"","ast-hfb-below-header-display":"","ast-hfb-mobile-header-display":"","site-post-title":"","ast-breadcrumbs-content":"","ast-featured-img":"","footer-sml-layout":"","theme-transparent-header-meta":"","adv-header-id-meta":"","stick-header-meta":"","header-above-stick-meta":"","header-main-stick-meta":"","header-below-stick-meta":"","astra-migrate-meta-layouts":"default","ast-page-background-enabled":"default","ast-page-background-meta":{"desktop":{"background-color":"var(--ast-global-color-5)","background-image":"","background-repeat":"repeat","background-position":"center center","background-size":"auto","background-attachment":"scroll","background-type":"","background-media":"","overlay-type":"","overlay-color":"","overlay-opacity":"","overlay-gradient":""},"tablet":{"background-color":"","background-image":"","background-repeat":"repeat","background-position":"center center","background-size":"auto","background-attachment":"scroll","background-type":"","background-media":"","overlay-type":"","overlay-color":"","overlay-opacity":"","overlay-gradient":""},"mobile":{"background-color":"","background-image":"","background-repeat":"repeat","background-position":"center center","background-size":"auto","background-attachment":"scroll","background-type":"","background-media":"","overlay-type":"","overlay-color":"","overlay-opacity":"","overlay-gradient":""}},"ast-content-background-meta":{"desktop":{"background-color":"var(--ast-global-color-4)","background-image":"","background-repeat":"repeat","background-position":"center center","background-size":"auto","background-attachment":"scroll","background-type":"","background-media":"","overlay-type":"","overlay-color":"","overlay-opacity":"","overlay-gradient":""},"tablet":{"background-color":"var(--ast-global-color-4)","background-image":"","background-repeat":"repeat","background-position":"center center","background-size":"auto","background-attachment":"scroll","background-type":"","background-media":"","overlay-type":"","overlay-color":"","overlay-opacity":"","overlay-gradient":""},"mobile":{"background-color":"var(--ast-global-color-4)","background-image":"","background-repeat":"repeat","background-position":"center center","background-size":"auto","background-attachment":"scroll","background-type":"","background-media":"","overlay-type":"","overlay-color":"","overlay-opacity":"","overlay-gradient":""}},"footnotes":""},"class_list":["post-835","page","type-page","status-publish","hentry"],"_hostinger_reach_plugin_has_subscription_block":false,"_hostinger_reach_plugin_is_elementor":false,"_links":{"self":[{"href":"https:\/\/50eurostowealth.com\/es\/wp-json\/wp\/v2\/pages\/835","targetHints":{"allow":["GET"]}}],"collection":[{"href":"https:\/\/50eurostowealth.com\/es\/wp-json\/wp\/v2\/pages"}],"about":[{"href":"https:\/\/50eurostowealth.com\/es\/wp-json\/wp\/v2\/types\/page"}],"author":[{"embeddable":true,"href":"https:\/\/50eurostowealth.com\/es\/wp-json\/wp\/v2\/users\/1"}],"replies":[{"embeddable":true,"href":"https:\/\/50eurostowealth.com\/es\/wp-json\/wp\/v2\/comments?post=835"}],"version-history":[{"count":4,"href":"https:\/\/50eurostowealth.com\/es\/wp-json\/wp\/v2\/pages\/835\/revisions"}],"predecessor-version":[{"id":851,"href":"https:\/\/50eurostowealth.com\/es\/wp-json\/wp\/v2\/pages\/835\/revisions\/851"}],"wp:attachment":[{"href":"https:\/\/50eurostowealth.com\/es\/wp-json\/wp\/v2\/media?parent=835"}],"curies":[{"name":"wp","href":"https:\/\/api.w.org\/{rel}","templated":true}]}}