{"id":832,"date":"2025-10-27T22:48:20","date_gmt":"2025-10-27T22:48:20","guid":{"rendered":"https:\/\/50eurostowealth.com\/?page_id=832"},"modified":"2025-10-27T22:50:55","modified_gmt":"2025-10-27T22:50:55","slug":"contacto","status":"publish","type":"page","link":"https:\/\/50eurostowealth.com\/es\/contacto\/","title":{"rendered":"CONTACTO"},"content":{"rendered":"<h1 class=\"wp-block-heading\">Contacto<\/h1>\n\n\n\n<p>\u00bfTienes preguntas, sugerencias o quieres colaborar? Estar\u00e9 encantado de leerte.<\/p>\n\n\n\n<h3 class=\"wp-block-heading\">Informaci\u00f3n de contacto<\/h3>\n\n\n\n<p><strong>Nombre:<\/strong> Carlos Alberto Pe\u00f1a Ventura<br><strong>Email:<\/strong> <a href=\"mailto:50eurostowealth@gmail.com\">50eurostowealth@gmail.com<\/a><br><strong>Sitio web:<\/strong> <a href=\"https:\/\/50eurostowealth.com\/es\/\">50eurostowealth.com<\/a><\/p>\n\n\n\n<p>Respondo a todos los mensajes en un plazo m\u00e1ximo de 3-5 d\u00edas laborables.<\/p>\n\n\n\n<h3 class=\"wp-block-heading\">Asunto frecuentes<\/h3>\n\n\n\n<p>&#8211; Colaboraciones con marcas<br>&#8211; Consultas sobre herramientas recomendadas<br>&#8211; Sugerencias de contenido<br>&#8211; Reporte de errores en la web<\/p>","protected":false},"excerpt":{"rendered":"<p>Contacto \u00bfTienes preguntas, sugerencias o quieres colaborar? Estar\u00e9 encantado de leerte. Informaci\u00f3n de contacto Nombre: Carlos Alberto Pe\u00f1a VenturaEmail: 50eurostowealth@gmail.comSitio [&hellip;]<\/p>","protected":false},"author":1,"featured_media":0,"parent":0,"menu_order":0,"comment_status":"closed","ping_status":"closed","template":"","meta":{"site-sidebar-layout":"default","site-content-layout":"","ast-site-content-layout":"default","site-content-style":"default","site-sidebar-style":"default","ast-global-header-display":"","ast-banner-title-visibility":"","ast-main-header-display":"","ast-hfb-above-header-display":"","ast-hfb-below-header-display":"","ast-hfb-mobile-header-display":"","site-post-title":"","ast-breadcrumbs-content":"","ast-featured-img":"","footer-sml-layout":"","theme-transparent-header-meta":"","adv-header-id-meta":"","stick-header-meta":"","header-above-stick-meta":"","header-main-stick-meta":"","header-below-stick-meta":"","astra-migrate-meta-layouts":"default","ast-page-background-enabled":"default","ast-page-background-meta":{"desktop":{"background-color":"var(--ast-global-color-5)","background-image":"","background-repeat":"repeat","background-position":"center center","background-size":"auto","background-attachment":"scroll","background-type":"","background-media":"","overlay-type":"","overlay-color":"","overlay-opacity":"","overlay-gradient":""},"tablet":{"background-color":"","background-image":"","background-repeat":"repeat","background-position":"center center","background-size":"auto","background-attachment":"scroll","background-type":"","background-media":"","overlay-type":"","overlay-color":"","overlay-opacity":"","overlay-gradient":""},"mobile":{"background-color":"","background-image":"","background-repeat":"repeat","background-position":"center center","background-size":"auto","background-attachment":"scroll","background-type":"","background-media":"","overlay-type":"","overlay-color":"","overlay-opacity":"","overlay-gradient":""}},"ast-content-background-meta":{"desktop":{"background-color":"var(--ast-global-color-4)","background-image":"","background-repeat":"repeat","background-position":"center center","background-size":"auto","background-attachment":"scroll","background-type":"","background-media":"","overlay-type":"","overlay-color":"","overlay-opacity":"","overlay-gradient":""},"tablet":{"background-color":"var(--ast-global-color-4)","background-image":"","background-repeat":"repeat","background-position":"center center","background-size":"auto","background-attachment":"scroll","background-type":"","background-media":"","overlay-type":"","overlay-color":"","overlay-opacity":"","overlay-gradient":""},"mobile":{"background-color":"var(--ast-global-color-4)","background-image":"","background-repeat":"repeat","background-position":"center center","background-size":"auto","background-attachment":"scroll","background-type":"","background-media":"","overlay-type":"","overlay-color":"","overlay-opacity":"","overlay-gradient":""}},"footnotes":""},"class_list":["post-832","page","type-page","status-publish","hentry"],"_hostinger_reach_plugin_has_subscription_block":false,"_hostinger_reach_plugin_is_elementor":false,"_links":{"self":[{"href":"https:\/\/50eurostowealth.com\/es\/wp-json\/wp\/v2\/pages\/832","targetHints":{"allow":["GET"]}}],"collection":[{"href":"https:\/\/50eurostowealth.com\/es\/wp-json\/wp\/v2\/pages"}],"about":[{"href":"https:\/\/50eurostowealth.com\/es\/wp-json\/wp\/v2\/types\/page"}],"author":[{"embeddable":true,"href":"https:\/\/50eurostowealth.com\/es\/wp-json\/wp\/v2\/users\/1"}],"replies":[{"embeddable":true,"href":"https:\/\/50eurostowealth.com\/es\/wp-json\/wp\/v2\/comments?post=832"}],"version-history":[{"count":1,"href":"https:\/\/50eurostowealth.com\/es\/wp-json\/wp\/v2\/pages\/832\/revisions"}],"predecessor-version":[{"id":833,"href":"https:\/\/50eurostowealth.com\/es\/wp-json\/wp\/v2\/pages\/832\/revisions\/833"}],"wp:attachment":[{"href":"https:\/\/50eurostowealth.com\/es\/wp-json\/wp\/v2\/media?parent=832"}],"curies":[{"name":"wp","href":"https:\/\/api.w.org\/{rel}","templated":true}]}}