{"id":830,"date":"2025-10-27T22:46:44","date_gmt":"2025-10-27T22:46:44","guid":{"rendered":"https:\/\/50eurostowealth.com\/?page_id=830"},"modified":"2025-10-27T22:47:03","modified_gmt":"2025-10-27T22:47:03","slug":"terminos-y-condiciones","status":"publish","type":"page","link":"https:\/\/50eurostowealth.com\/es\/terminos-y-condiciones\/","title":{"rendered":"T\u00c9RMINOS Y CONDICIONES"},"content":{"rendered":"<h1 class=\"wp-block-heading\">T\u00e9rminos y Condiciones<\/h1>\n\n\n\n<p>Al acceder a <strong>50eurostowealth.com<\/strong>, aceptas los siguientes t\u00e9rminos:<\/p>\n\n\n\n<h3 class=\"wp-block-heading\">Uso del sitio<\/h3>\n\n\n\n<p>El contenido tiene fines informativos y educativos. No sustituye asesoramiento profesional. El titular no garantiza resultados econ\u00f3micos ni \u00e9xito en estrategias mencionadas.<\/p>\n\n\n\n<h3 class=\"wp-block-heading\">Enlaces de afiliado<\/h3>\n\n\n\n<p>Algunos enlaces son de afiliado (especialmente a Amazon). Si compras a trav\u00e9s de ellos, apoyas el sitio sin coste adicional para ti. Solo recomendamos productos que usamos o investigamos.<\/p>\n\n\n\n<h3 class=\"wp-block-heading\">Propiedad intelectual<\/h3>\n\n\n\n<p>Todo el contenido original es propiedad de Carlos Alberto Pe\u00f1a Ventura. Queda prohibida su copia, distribuci\u00f3n o modificaci\u00f3n sin permiso.<\/p>\n\n\n\n<h3 class=\"wp-block-heading\">Modificaciones<\/h3>\n\n\n\n<p>Nos reservamos el derecho a actualizar estos t\u00e9rminos. La fecha de \u00faltima actualizaci\u00f3n aparecer\u00e1 al final del documento.<\/p>\n\n\n\n<p><em>\u00daltima actualizaci\u00f3n: 28 de octubre de 2025<\/em><\/p>","protected":false},"excerpt":{"rendered":"<p>T\u00e9rminos y Condiciones Al acceder a 50eurostowealth.com, aceptas los siguientes t\u00e9rminos: Uso del sitio El contenido tiene fines informativos y [&hellip;]<\/p>","protected":false},"author":1,"featured_media":0,"parent":0,"menu_order":0,"comment_status":"closed","ping_status":"closed","template":"","meta":{"site-sidebar-layout":"default","site-content-layout":"","ast-site-content-layout":"default","site-content-style":"default","site-sidebar-style":"default","ast-global-header-display":"","ast-banner-title-visibility":"","ast-main-header-display":"","ast-hfb-above-header-display":"","ast-hfb-below-header-display":"","ast-hfb-mobile-header-display":"","site-post-title":"","ast-breadcrumbs-content":"","ast-featured-img":"","footer-sml-layout":"","theme-transparent-header-meta":"","adv-header-id-meta":"","stick-header-meta":"","header-above-stick-meta":"","header-main-stick-meta":"","header-below-stick-meta":"","astra-migrate-meta-layouts":"default","ast-page-background-enabled":"default","ast-page-background-meta":{"desktop":{"background-color":"var(--ast-global-color-5)","background-image":"","background-repeat":"repeat","background-position":"center center","background-size":"auto","background-attachment":"scroll","background-type":"","background-media":"","overlay-type":"","overlay-color":"","overlay-opacity":"","overlay-gradient":""},"tablet":{"background-color":"","background-image":"","background-repeat":"repeat","background-position":"center center","background-size":"auto","background-attachment":"scroll","background-type":"","background-media":"","overlay-type":"","overlay-color":"","overlay-opacity":"","overlay-gradient":""},"mobile":{"background-color":"","background-image":"","background-repeat":"repeat","background-position":"center center","background-size":"auto","background-attachment":"scroll","background-type":"","background-media":"","overlay-type":"","overlay-color":"","overlay-opacity":"","overlay-gradient":""}},"ast-content-background-meta":{"desktop":{"background-color":"var(--ast-global-color-4)","background-image":"","background-repeat":"repeat","background-position":"center center","background-size":"auto","background-attachment":"scroll","background-type":"","background-media":"","overlay-type":"","overlay-color":"","overlay-opacity":"","overlay-gradient":""},"tablet":{"background-color":"var(--ast-global-color-4)","background-image":"","background-repeat":"repeat","background-position":"center center","background-size":"auto","background-attachment":"scroll","background-type":"","background-media":"","overlay-type":"","overlay-color":"","overlay-opacity":"","overlay-gradient":""},"mobile":{"background-color":"var(--ast-global-color-4)","background-image":"","background-repeat":"repeat","background-position":"center center","background-size":"auto","background-attachment":"scroll","background-type":"","background-media":"","overlay-type":"","overlay-color":"","overlay-opacity":"","overlay-gradient":""}},"footnotes":""},"class_list":["post-830","page","type-page","status-publish","hentry"],"_hostinger_reach_plugin_has_subscription_block":false,"_hostinger_reach_plugin_is_elementor":false,"_links":{"self":[{"href":"https:\/\/50eurostowealth.com\/es\/wp-json\/wp\/v2\/pages\/830","targetHints":{"allow":["GET"]}}],"collection":[{"href":"https:\/\/50eurostowealth.com\/es\/wp-json\/wp\/v2\/pages"}],"about":[{"href":"https:\/\/50eurostowealth.com\/es\/wp-json\/wp\/v2\/types\/page"}],"author":[{"embeddable":true,"href":"https:\/\/50eurostowealth.com\/es\/wp-json\/wp\/v2\/users\/1"}],"replies":[{"embeddable":true,"href":"https:\/\/50eurostowealth.com\/es\/wp-json\/wp\/v2\/comments?post=830"}],"version-history":[{"count":1,"href":"https:\/\/50eurostowealth.com\/es\/wp-json\/wp\/v2\/pages\/830\/revisions"}],"predecessor-version":[{"id":831,"href":"https:\/\/50eurostowealth.com\/es\/wp-json\/wp\/v2\/pages\/830\/revisions\/831"}],"wp:attachment":[{"href":"https:\/\/50eurostowealth.com\/es\/wp-json\/wp\/v2\/media?parent=830"}],"curies":[{"name":"wp","href":"https:\/\/api.w.org\/{rel}","templated":true}]}}