{"id":825,"date":"2025-10-27T22:43:23","date_gmt":"2025-10-27T22:43:23","guid":{"rendered":"https:\/\/50eurostowealth.com\/?page_id=825"},"modified":"2025-10-27T22:43:25","modified_gmt":"2025-10-27T22:43:25","slug":"politica-de-privacidad","status":"publish","type":"page","link":"https:\/\/50eurostowealth.com\/es\/politica-de-privacidad\/","title":{"rendered":"POL\u00cdTICA DE PRIVACIDAD"},"content":{"rendered":"<h1 class=\"wp-block-heading\">Pol\u00edtica de Privacidad<\/h1>\n\n\n\n<p>Carlos Alberto Pe\u00f1a Ventura, responsable de <strong>50eurostowealth.com<\/strong>, se compromete a proteger tus datos personales conforme al Reglamento General de Protecci\u00f3n de Datos (RGPD) y la legislaci\u00f3n espa\u00f1ola vigente.<\/p>\n\n\n\n<h3 class=\"wp-block-heading\">Responsable del tratamiento<\/h3>\n\n\n\n<p><strong>Nombre:<\/strong> Carlos Alberto Pe\u00f1a Ventura<br><strong>Email:<\/strong> <a href=\"mailto:50eurostowealth@gmail.com\">50eurostowealth@gmail.com<\/a><br><strong>Finalidad:<\/strong> Responder a consultas, gestionar suscripciones al bolet\u00edn y mejorar la experiencia del usuario.<\/p>\n\n\n\n<h3 class=\"wp-block-heading\">Datos que recopilamos<\/h3>\n\n\n\n<p>&#8211; Nombre y correo electr\u00f3nico (si te suscribes al newsletter o contactas).<br>&#8211; Datos de navegaci\u00f3n (IP, dispositivo, p\u00e1ginas visitadas) mediante cookies y Google Analytics.<\/p>\n\n\n\n<h3 class=\"wp-block-heading\">Base legal y conservaci\u00f3n<\/h3>\n\n\n\n<p>Tus datos se tratan con tu consentimiento (al suscribirte o contactar). Se conservar\u00e1n mientras exista relaci\u00f3n activa o hasta que solicites su supresi\u00f3n.<\/p>\n\n\n\n<h3 class=\"wp-block-heading\">Tus derechos<\/h3>\n\n\n\n<p>Puedes acceder, rectificar, suprimir, oponerte o limitar el tratamiento de tus datos en cualquier momento escribiendo a <a href=\"mailto:50eurostowealth@gmail.com\">50eurostowealth@gmail.com<\/a>.<\/p>\n\n\n\n<h3 class=\"wp-block-heading\">Publicidad y terceros<\/h3>\n\n\n\n<p>Este sitio utiliza Google AdSense para mostrar anuncios relevantes. Google puede usar cookies para personalizar anuncios. Puedes gestionar tus preferencias en <a href=\"https:\/\/adssettings.google.com\/\" target=\"_blank\" rel=\"noopener\">Configuraci\u00f3n de anuncios de Google<\/a>.<\/p>","protected":false},"excerpt":{"rendered":"<p>Pol\u00edtica de Privacidad Carlos Alberto Pe\u00f1a Ventura, responsable de 50eurostowealth.com, se compromete a proteger tus datos personales conforme al Reglamento [&hellip;]<\/p>","protected":false},"author":1,"featured_media":0,"parent":0,"menu_order":0,"comment_status":"closed","ping_status":"closed","template":"","meta":{"site-sidebar-layout":"default","site-content-layout":"","ast-site-content-layout":"default","site-content-style":"default","site-sidebar-style":"default","ast-global-header-display":"","ast-banner-title-visibility":"","ast-main-header-display":"","ast-hfb-above-header-display":"","ast-hfb-below-header-display":"","ast-hfb-mobile-header-display":"","site-post-title":"","ast-breadcrumbs-content":"","ast-featured-img":"","footer-sml-layout":"","theme-transparent-header-meta":"","adv-header-id-meta":"","stick-header-meta":"","header-above-stick-meta":"","header-main-stick-meta":"","header-below-stick-meta":"","astra-migrate-meta-layouts":"default","ast-page-background-enabled":"default","ast-page-background-meta":{"desktop":{"background-color":"var(--ast-global-color-5)","background-image":"","background-repeat":"repeat","background-position":"center center","background-size":"auto","background-attachment":"scroll","background-type":"","background-media":"","overlay-type":"","overlay-color":"","overlay-opacity":"","overlay-gradient":""},"tablet":{"background-color":"","background-image":"","background-repeat":"repeat","background-position":"center center","background-size":"auto","background-attachment":"scroll","background-type":"","background-media":"","overlay-type":"","overlay-color":"","overlay-opacity":"","overlay-gradient":""},"mobile":{"background-color":"","background-image":"","background-repeat":"repeat","background-position":"center center","background-size":"auto","background-attachment":"scroll","background-type":"","background-media":"","overlay-type":"","overlay-color":"","overlay-opacity":"","overlay-gradient":""}},"ast-content-background-meta":{"desktop":{"background-color":"var(--ast-global-color-4)","background-image":"","background-repeat":"repeat","background-position":"center center","background-size":"auto","background-attachment":"scroll","background-type":"","background-media":"","overlay-type":"","overlay-color":"","overlay-opacity":"","overlay-gradient":""},"tablet":{"background-color":"var(--ast-global-color-4)","background-image":"","background-repeat":"repeat","background-position":"center center","background-size":"auto","background-attachment":"scroll","background-type":"","background-media":"","overlay-type":"","overlay-color":"","overlay-opacity":"","overlay-gradient":""},"mobile":{"background-color":"var(--ast-global-color-4)","background-image":"","background-repeat":"repeat","background-position":"center center","background-size":"auto","background-attachment":"scroll","background-type":"","background-media":"","overlay-type":"","overlay-color":"","overlay-opacity":"","overlay-gradient":""}},"footnotes":""},"class_list":["post-825","page","type-page","status-publish","hentry"],"_hostinger_reach_plugin_has_subscription_block":false,"_hostinger_reach_plugin_is_elementor":false,"_links":{"self":[{"href":"https:\/\/50eurostowealth.com\/es\/wp-json\/wp\/v2\/pages\/825","targetHints":{"allow":["GET"]}}],"collection":[{"href":"https:\/\/50eurostowealth.com\/es\/wp-json\/wp\/v2\/pages"}],"about":[{"href":"https:\/\/50eurostowealth.com\/es\/wp-json\/wp\/v2\/types\/page"}],"author":[{"embeddable":true,"href":"https:\/\/50eurostowealth.com\/es\/wp-json\/wp\/v2\/users\/1"}],"replies":[{"embeddable":true,"href":"https:\/\/50eurostowealth.com\/es\/wp-json\/wp\/v2\/comments?post=825"}],"version-history":[{"count":1,"href":"https:\/\/50eurostowealth.com\/es\/wp-json\/wp\/v2\/pages\/825\/revisions"}],"predecessor-version":[{"id":826,"href":"https:\/\/50eurostowealth.com\/es\/wp-json\/wp\/v2\/pages\/825\/revisions\/826"}],"wp:attachment":[{"href":"https:\/\/50eurostowealth.com\/es\/wp-json\/wp\/v2\/media?parent=825"}],"curies":[{"name":"wp","href":"https:\/\/api.w.org\/{rel}","templated":true}]}}