{"id":822,"date":"2025-10-27T22:41:58","date_gmt":"2025-10-27T22:41:58","guid":{"rendered":"https:\/\/50eurostowealth.com\/?page_id=822"},"modified":"2025-10-27T22:42:20","modified_gmt":"2025-10-27T22:42:20","slug":"aviso-legal","status":"publish","type":"page","link":"https:\/\/50eurostowealth.com\/es\/aviso-legal\/","title":{"rendered":"AVISO LEGAL"},"content":{"rendered":"<h1 class=\"wp-block-heading\">Aviso Legal<\/h1>\n\n\n\n<p>En cumplimiento del art\u00edculo 10 de la Ley 34\/2002, de 11 de julio, de servicios de la sociedad de la informaci\u00f3n y de comercio electr\u00f3nico, se informa a los usuarios del sitio web <strong>50eurostowealth.com<\/strong> de la siguiente informaci\u00f3n general:<\/p>\n\n\n\n<h3 class=\"wp-block-heading\">Titular del sitio web<\/h3>\n\n\n\n<p><strong>Nombre:<\/strong> Carlos Alberto Pe\u00f1a Ventura<br><strong>Correo electr\u00f3nico:<\/strong> <a href=\"mailto:50eurostowealth@gmail.com\">50eurostowealth@gmail.com<\/a><br><strong>Domicilio a efectos legales:<\/strong> Espa\u00f1a<\/p>\n\n\n\n<h3 class=\"wp-block-heading\">Objeto del sitio<\/h3>\n\n\n\n<p>El sitio <strong>50eurostowealth.com<\/strong> tiene como finalidad compartir conocimientos, estrategias y recomendaciones sobre emprendimiento digital, generaci\u00f3n de ingresos online y uso de herramientas accesibles. No constituye asesoramiento financiero, legal o fiscal.<\/p>\n\n\n\n<h3 class=\"wp-block-heading\">Propiedad intelectual<\/h3>\n\n\n\n<p>Todos los contenidos del sitio (textos, im\u00e1genes, gr\u00e1ficos, c\u00f3digo, dise\u00f1os) son propiedad de Carlos Alberto Pe\u00f1a Ventura o cuentan con licencia de uso. Queda prohibida su reproducci\u00f3n total o parcial sin autorizaci\u00f3n expresa por escrito.<\/p>\n\n\n\n<h3 class=\"wp-block-heading\">Enlaces de afiliado<\/h3>\n\n\n\n<p>Este sitio participa en el Programa de Afiliados de Amazon EU. Algunos enlaces redirigen a Amazon y, si realizas una compra, el sitio recibe una comisi\u00f3n sin coste adicional para ti. Esto ayuda a mantener el proyecto activo.<\/p>","protected":false},"excerpt":{"rendered":"<p>Aviso Legal En cumplimiento del art\u00edculo 10 de la Ley 34\/2002, de 11 de julio, de servicios de la sociedad [&hellip;]<\/p>","protected":false},"author":1,"featured_media":0,"parent":0,"menu_order":0,"comment_status":"closed","ping_status":"closed","template":"","meta":{"site-sidebar-layout":"default","site-content-layout":"","ast-site-content-layout":"default","site-content-style":"default","site-sidebar-style":"default","ast-global-header-display":"","ast-banner-title-visibility":"","ast-main-header-display":"","ast-hfb-above-header-display":"","ast-hfb-below-header-display":"","ast-hfb-mobile-header-display":"","site-post-title":"","ast-breadcrumbs-content":"","ast-featured-img":"","footer-sml-layout":"","theme-transparent-header-meta":"","adv-header-id-meta":"","stick-header-meta":"","header-above-stick-meta":"","header-main-stick-meta":"","header-below-stick-meta":"","astra-migrate-meta-layouts":"default","ast-page-background-enabled":"default","ast-page-background-meta":{"desktop":{"background-color":"var(--ast-global-color-5)","background-image":"","background-repeat":"repeat","background-position":"center center","background-size":"auto","background-attachment":"scroll","background-type":"","background-media":"","overlay-type":"","overlay-color":"","overlay-opacity":"","overlay-gradient":""},"tablet":{"background-color":"","background-image":"","background-repeat":"repeat","background-position":"center center","background-size":"auto","background-attachment":"scroll","background-type":"","background-media":"","overlay-type":"","overlay-color":"","overlay-opacity":"","overlay-gradient":""},"mobile":{"background-color":"","background-image":"","background-repeat":"repeat","background-position":"center center","background-size":"auto","background-attachment":"scroll","background-type":"","background-media":"","overlay-type":"","overlay-color":"","overlay-opacity":"","overlay-gradient":""}},"ast-content-background-meta":{"desktop":{"background-color":"var(--ast-global-color-4)","background-image":"","background-repeat":"repeat","background-position":"center center","background-size":"auto","background-attachment":"scroll","background-type":"","background-media":"","overlay-type":"","overlay-color":"","overlay-opacity":"","overlay-gradient":""},"tablet":{"background-color":"var(--ast-global-color-4)","background-image":"","background-repeat":"repeat","background-position":"center center","background-size":"auto","background-attachment":"scroll","background-type":"","background-media":"","overlay-type":"","overlay-color":"","overlay-opacity":"","overlay-gradient":""},"mobile":{"background-color":"var(--ast-global-color-4)","background-image":"","background-repeat":"repeat","background-position":"center center","background-size":"auto","background-attachment":"scroll","background-type":"","background-media":"","overlay-type":"","overlay-color":"","overlay-opacity":"","overlay-gradient":""}},"footnotes":""},"class_list":["post-822","page","type-page","status-publish","hentry"],"_hostinger_reach_plugin_has_subscription_block":false,"_hostinger_reach_plugin_is_elementor":false,"_links":{"self":[{"href":"https:\/\/50eurostowealth.com\/es\/wp-json\/wp\/v2\/pages\/822","targetHints":{"allow":["GET"]}}],"collection":[{"href":"https:\/\/50eurostowealth.com\/es\/wp-json\/wp\/v2\/pages"}],"about":[{"href":"https:\/\/50eurostowealth.com\/es\/wp-json\/wp\/v2\/types\/page"}],"author":[{"embeddable":true,"href":"https:\/\/50eurostowealth.com\/es\/wp-json\/wp\/v2\/users\/1"}],"replies":[{"embeddable":true,"href":"https:\/\/50eurostowealth.com\/es\/wp-json\/wp\/v2\/comments?post=822"}],"version-history":[{"count":1,"href":"https:\/\/50eurostowealth.com\/es\/wp-json\/wp\/v2\/pages\/822\/revisions"}],"predecessor-version":[{"id":824,"href":"https:\/\/50eurostowealth.com\/es\/wp-json\/wp\/v2\/pages\/822\/revisions\/824"}],"wp:attachment":[{"href":"https:\/\/50eurostowealth.com\/es\/wp-json\/wp\/v2\/media?parent=822"}],"curies":[{"name":"wp","href":"https:\/\/api.w.org\/{rel}","templated":true}]}}